{"id":52,"date":"2013-09-29T10:11:42","date_gmt":"2013-09-29T10:11:42","guid":{"rendered":"http:\/\/www.operalapira.it\/wp\/?page_id=52"},"modified":"2022-05-05T11:12:54","modified_gmt":"2022-05-05T09:12:54","slug":"villaggio-il-cimone","status":"publish","type":"page","link":"https:\/\/operalapira.it\/?page_id=52","title":{"rendered":"Villaggio &#8220;Il Cimone&#8221;"},"content":{"rendered":"<div  class='av_gmaps_sc_main_wrap av_gmaps_main_wrap '><div id='av_gmap_0' class='avia-google-map-container avia-google-map-sc av_gmaps_show_unconditionally av-no-fallback-img ' data-mapid='av_gmap_0'  style='height: 400px;'><a class=\"av_gmaps_browser_disabled av_text_confirm_link av_text_confirm_link_visible\" href=\"https:\/\/www.google.com\/maps\/search\/?api=1&#038;query=44.0984144,10.724247399999967\" target=\"_blank\" rel=\"noopener\">Le mappe sono state disabilitate dal visitatore di questo sito. Clicca per aprire la mappa in una nuova finestra.<\/a><\/div><\/div>\n<section  class='av_textblock_section av-1r874-acce555635952b9581de923e4da30e66 '   itemscope=\"itemscope\" itemtype=\"https:\/\/schema.org\/CreativeWork\" ><div class='avia_textblock'  itemprop=\"text\" ><h2>Villaggio &#8221; Il Cimone&#8221;<\/h2>\n<p>&#8220;Il villaggio &#8221; Il Cimone&#8221; \u00e8 soprattutto, per l&#8217;Opera, il luogo dell&#8217;approfondimento invernale. Proponiamo agli adolescenti ed ai giovani la possibilit\u00e0 di proseguire il cammino di crescita iniziato con i campi estivi e, per i pi\u00f9 grandi che lo desiderino, l&#8217;opportunit\u00e0 di una formazione specifica per l&#8217;inserimento nel gruppo degli educatori. Sono pertanto previsti incontri, sempre centrati su una proposta di vita comunitaria, finalizzati all&#8217;arrichimento spirituale ed alla preparazione al &#8220;servizio educativo&#8221; dei campi estivi. Ma &#8220;Il Cimone&#8221; \u00e8 anche, in estate, il luogo di 2 campi per i ragazzi e le ragazze: un&#8217;occasione di crescita personale attraverso la vita comunitaria, i momenti di preghiera e di riflessione, ma anche a contatto con la natura grazie all&#8217;ambiente naturale dell&#8217;Appennino Pistoiese, in cui si trova il villaggio.&#8221;<\/p>\n<p>Il Villaggio si trova a Pian degli Ontani (Cutigliano) sulla montagna pistoiese, poco fuori dal paese. Oltre agli ambienti in cui si svolgono i vari momenti della vita comunitaria (il refettorio, la sala giochi, le sale per gli incontri, la chiesa, i campi sportivi e gli altri spazi all\u2019aperto) \u00e8 composto da varie casette che prendono i nomi delle cime vicine (Campolino, Gomito, Libro Aperto, Poggione&#8230;) e che ospitano i vari gruppi dei partecipanti.<\/p>\n<\/div><\/section>\n<div  class='avia-video av-l2ssiofu-cfbf078cdeb1a3828cf035709e2fe48a avia-video-16-9 av-no-preview-image avia-video-load-always av-lazyload-immediate av-lazyload-video-embed'  itemprop=\"video\" itemtype=\"https:\/\/schema.org\/VideoObject\"  data-original_url='https:\/\/youtu.be\/qsfVkTNOm1Y'><script type='text\/html' class='av-video-tmpl'><div class='avia-iframe-wrap'><iframe loading=\"lazy\" title=\"Presentazione Villaggio &quot;Il Cimone&quot;\" width=\"1500\" height=\"844\" src=\"https:\/\/www.youtube.com\/embed\/qsfVkTNOm1Y?feature=oembed&autoplay=0&loop=0&controls=1&mute=0\" frameborder=\"0\" allow=\"accelerometer; autoplay; clipboard-write; encrypted-media; gyroscope; picture-in-picture\" allowfullscreen><\/iframe><\/div><\/script><div class='av-click-to-play-overlay'><div class=\"avia_playpause_icon\"><\/div><\/div><\/div>\n<div id='av-masonry-1' class='av-masonry av-qrxg-47172cd07f1bde00cd722dfdae3a7e81 noHover av-flex-size av-large-gap av-hover-overlay-active av-masonry-animation-active av-masonry-col-flexible av-caption-always av-caption-style- av-masonry-gallery ' data-post_id=\"52\"><div class=\"av-masonry-container isotope av-js-disabled\"><div class='av-masonry-entry isotope-item av-masonry-item-no-image '><\/div><a href=\"https:\/\/operalapira.it\/wp-content\/uploads\/2015\/11\/1-1-1030x772.jpg\" data-srcset=\"https:\/\/operalapira.it\/wp-content\/uploads\/2015\/11\/1-1-1030x772.jpg 1030w, https:\/\/operalapira.it\/wp-content\/uploads\/2015\/11\/1-1-300x225.jpg 300w, https:\/\/operalapira.it\/wp-content\/uploads\/2015\/11\/1-1-768x576.jpg 768w, https:\/\/operalapira.it\/wp-content\/uploads\/2015\/11\/1-1-705x528.jpg 705w, https:\/\/operalapira.it\/wp-content\/uploads\/2015\/11\/1-1.jpg 1242w\" data-sizes=\"(max-width: 1030px) 100vw, 1030px\"  aria-label=\"immagine 1\"  id='av-masonry-1-item-2863' data-av-masonry-item='2863' class='av-masonry-entry isotope-item post-2863 attachment type-attachment status-inherit hentry  av-masonry-item-with-image' title=\"1\" alt=\"\"    itemprop=\"thumbnailUrl\" ><div class='av-inner-masonry-sizer'><\/div><figure class='av-inner-masonry main_color'><div class=\"av-masonry-outerimage-container\"><div class='av-masonry-image-container'   ><img decoding=\"async\" width=\"705\" height=\"528\" fetchpriority=\"high\" class=\"wp-image-2863 avia-img-lazy-loading-not-2863\"  src=\"https:\/\/operalapira.it\/wp-content\/uploads\/2015\/11\/1-1-705x528.jpg\" title=\"1\" alt=\"\" srcset=\"https:\/\/operalapira.it\/wp-content\/uploads\/2015\/11\/1-1-705x528.jpg 705w, https:\/\/operalapira.it\/wp-content\/uploads\/2015\/11\/1-1-300x225.jpg 300w, https:\/\/operalapira.it\/wp-content\/uploads\/2015\/11\/1-1-1030x772.jpg 1030w, https:\/\/operalapira.it\/wp-content\/uploads\/2015\/11\/1-1-768x576.jpg 768w, https:\/\/operalapira.it\/wp-content\/uploads\/2015\/11\/1-1.jpg 1242w\" sizes=\"(max-width: 705px) 100vw, 705px\" \/><\/div><\/div><\/figure><\/a><!--end av-masonry entry--><a href=\"https:\/\/operalapira.it\/wp-content\/uploads\/2015\/11\/2-1.jpg\" data-srcset=\"https:\/\/operalapira.it\/wp-content\/uploads\/2015\/11\/2-1.jpg 844w, https:\/\/operalapira.it\/wp-content\/uploads\/2015\/11\/2-1-300x225.jpg 300w, https:\/\/operalapira.it\/wp-content\/uploads\/2015\/11\/2-1-768x576.jpg 768w, https:\/\/operalapira.it\/wp-content\/uploads\/2015\/11\/2-1-705x529.jpg 705w\" data-sizes=\"(max-width: 844px) 100vw, 844px\"  aria-label=\"immagine 2\"  id='av-masonry-1-item-2864' data-av-masonry-item='2864' class='av-masonry-entry isotope-item post-2864 attachment type-attachment status-inherit hentry  av-masonry-item-with-image' title=\"2\" alt=\"\"    itemprop=\"thumbnailUrl\" ><div class='av-inner-masonry-sizer'><\/div><figure class='av-inner-masonry main_color'><div class=\"av-masonry-outerimage-container\"><div class='av-masonry-image-container'   ><img decoding=\"async\" width=\"705\" height=\"529\" fetchpriority=\"high\" class=\"wp-image-2864 avia-img-lazy-loading-not-2864\"  src=\"https:\/\/operalapira.it\/wp-content\/uploads\/2015\/11\/2-1-705x529.jpg\" title=\"2\" alt=\"\" srcset=\"https:\/\/operalapira.it\/wp-content\/uploads\/2015\/11\/2-1-705x529.jpg 705w, https:\/\/operalapira.it\/wp-content\/uploads\/2015\/11\/2-1-300x225.jpg 300w, https:\/\/operalapira.it\/wp-content\/uploads\/2015\/11\/2-1-768x576.jpg 768w, https:\/\/operalapira.it\/wp-content\/uploads\/2015\/11\/2-1.jpg 844w\" sizes=\"(max-width: 705px) 100vw, 705px\" \/><\/div><\/div><\/figure><\/a><!--end av-masonry entry--><a href=\"https:\/\/operalapira.it\/wp-content\/uploads\/2015\/11\/3-1.jpg\" data-srcset=\"https:\/\/operalapira.it\/wp-content\/uploads\/2015\/11\/3-1.jpg 640w, https:\/\/operalapira.it\/wp-content\/uploads\/2015\/11\/3-1-300x225.jpg 300w\" data-sizes=\"(max-width: 640px) 100vw, 640px\"  aria-label=\"immagine 3\"  id='av-masonry-1-item-2865' data-av-masonry-item='2865' class='av-masonry-entry isotope-item post-2865 attachment type-attachment status-inherit hentry  av-masonry-item-with-image' title=\"3\" alt=\"\"    itemprop=\"thumbnailUrl\" ><div class='av-inner-masonry-sizer'><\/div><figure class='av-inner-masonry main_color'><div class=\"av-masonry-outerimage-container\"><div class='av-masonry-image-container'   ><img decoding=\"async\" width=\"640\" height=\"479\" fetchpriority=\"high\" class=\"wp-image-2865 avia-img-lazy-loading-not-2865\"  src=\"https:\/\/operalapira.it\/wp-content\/uploads\/2015\/11\/3-1.jpg\" title=\"3\" alt=\"\" srcset=\"https:\/\/operalapira.it\/wp-content\/uploads\/2015\/11\/3-1.jpg 640w, https:\/\/operalapira.it\/wp-content\/uploads\/2015\/11\/3-1-300x225.jpg 300w\" sizes=\"(max-width: 640px) 100vw, 640px\" \/><\/div><\/div><\/figure><\/a><!--end av-masonry entry--><a href=\"https:\/\/operalapira.it\/wp-content\/uploads\/2015\/11\/4-1.jpg\" data-srcset=\"https:\/\/operalapira.it\/wp-content\/uploads\/2015\/11\/4-1.jpg 640w, https:\/\/operalapira.it\/wp-content\/uploads\/2015\/11\/4-1-300x225.jpg 300w\" data-sizes=\"(max-width: 640px) 100vw, 640px\"  aria-label=\"immagine 4\"  id='av-masonry-1-item-2866' data-av-masonry-item='2866' class='av-masonry-entry isotope-item post-2866 attachment type-attachment status-inherit hentry  av-masonry-item-with-image' title=\"4\" alt=\"\"    itemprop=\"thumbnailUrl\" ><div class='av-inner-masonry-sizer'><\/div><figure class='av-inner-masonry main_color'><div class=\"av-masonry-outerimage-container\"><div class='av-masonry-image-container'   ><img decoding=\"async\" width=\"640\" height=\"479\" fetchpriority=\"high\" class=\"wp-image-2866 avia-img-lazy-loading-not-2866\"  src=\"https:\/\/operalapira.it\/wp-content\/uploads\/2015\/11\/4-1.jpg\" title=\"4\" alt=\"\" srcset=\"https:\/\/operalapira.it\/wp-content\/uploads\/2015\/11\/4-1.jpg 640w, https:\/\/operalapira.it\/wp-content\/uploads\/2015\/11\/4-1-300x225.jpg 300w\" sizes=\"(max-width: 640px) 100vw, 640px\" \/><\/div><\/div><\/figure><\/a><!--end av-masonry entry--><a href=\"https:\/\/operalapira.it\/wp-content\/uploads\/2015\/11\/5-1.jpg\" data-srcset=\"https:\/\/operalapira.it\/wp-content\/uploads\/2015\/11\/5-1.jpg 639w, https:\/\/operalapira.it\/wp-content\/uploads\/2015\/11\/5-1-300x225.jpg 300w\" data-sizes=\"(max-width: 639px) 100vw, 639px\"  aria-label=\"immagine 5\"  id='av-masonry-1-item-2867' data-av-masonry-item='2867' class='av-masonry-entry isotope-item post-2867 attachment type-attachment status-inherit hentry  av-masonry-item-with-image' title=\"5\" alt=\"\"    itemprop=\"thumbnailUrl\" ><div class='av-inner-masonry-sizer'><\/div><figure class='av-inner-masonry main_color'><div class=\"av-masonry-outerimage-container\"><div class='av-masonry-image-container'   ><img decoding=\"async\" width=\"639\" height=\"480\" fetchpriority=\"high\" class=\"wp-image-2867 avia-img-lazy-loading-not-2867\"  src=\"https:\/\/operalapira.it\/wp-content\/uploads\/2015\/11\/5-1.jpg\" title=\"5\" alt=\"\" srcset=\"https:\/\/operalapira.it\/wp-content\/uploads\/2015\/11\/5-1.jpg 639w, https:\/\/operalapira.it\/wp-content\/uploads\/2015\/11\/5-1-300x225.jpg 300w\" sizes=\"(max-width: 639px) 100vw, 639px\" \/><\/div><\/div><\/figure><\/a><!--end av-masonry entry--><a href=\"https:\/\/operalapira.it\/wp-content\/uploads\/2015\/11\/6-1.jpg\" data-srcset=\"https:\/\/operalapira.it\/wp-content\/uploads\/2015\/11\/6-1.jpg 639w, https:\/\/operalapira.it\/wp-content\/uploads\/2015\/11\/6-1-300x225.jpg 300w\" data-sizes=\"(max-width: 639px) 100vw, 639px\"  aria-label=\"immagine 6\"  id='av-masonry-1-item-2868' data-av-masonry-item='2868' class='av-masonry-entry isotope-item post-2868 attachment type-attachment status-inherit hentry  av-masonry-item-with-image' title=\"6\" alt=\"\"    itemprop=\"thumbnailUrl\" ><div class='av-inner-masonry-sizer'><\/div><figure class='av-inner-masonry main_color'><div class=\"av-masonry-outerimage-container\"><div class='av-masonry-image-container'   ><img decoding=\"async\" width=\"639\" height=\"480\" fetchpriority=\"high\" class=\"wp-image-2868 avia-img-lazy-loading-not-2868\"  src=\"https:\/\/operalapira.it\/wp-content\/uploads\/2015\/11\/6-1.jpg\" title=\"6\" alt=\"\" srcset=\"https:\/\/operalapira.it\/wp-content\/uploads\/2015\/11\/6-1.jpg 639w, https:\/\/operalapira.it\/wp-content\/uploads\/2015\/11\/6-1-300x225.jpg 300w\" sizes=\"(max-width: 639px) 100vw, 639px\" \/><\/div><\/div><\/figure><\/a><!--end av-masonry entry--><a href=\"https:\/\/operalapira.it\/wp-content\/uploads\/2015\/11\/7-1.jpg\" data-srcset=\"https:\/\/operalapira.it\/wp-content\/uploads\/2015\/11\/7-1.jpg 640w, https:\/\/operalapira.it\/wp-content\/uploads\/2015\/11\/7-1-300x225.jpg 300w\" data-sizes=\"(max-width: 640px) 100vw, 640px\"  aria-label=\"immagine 7\"  id='av-masonry-1-item-2869' data-av-masonry-item='2869' class='av-masonry-entry isotope-item post-2869 attachment type-attachment status-inherit hentry  av-masonry-item-with-image' title=\"7\" alt=\"\"    itemprop=\"thumbnailUrl\" ><div class='av-inner-masonry-sizer'><\/div><figure class='av-inner-masonry main_color'><div class=\"av-masonry-outerimage-container\"><div class='av-masonry-image-container'   ><img decoding=\"async\" width=\"640\" height=\"479\" fetchpriority=\"high\" class=\"wp-image-2869 avia-img-lazy-loading-not-2869\"  src=\"https:\/\/operalapira.it\/wp-content\/uploads\/2015\/11\/7-1.jpg\" title=\"7\" alt=\"\" srcset=\"https:\/\/operalapira.it\/wp-content\/uploads\/2015\/11\/7-1.jpg 640w, https:\/\/operalapira.it\/wp-content\/uploads\/2015\/11\/7-1-300x225.jpg 300w\" sizes=\"(max-width: 640px) 100vw, 640px\" \/><\/div><\/div><\/figure><\/a><!--end av-masonry entry--><\/div><\/div>\n","protected":false},"excerpt":{"rendered":"","protected":false},"author":2,"featured_media":0,"parent":0,"menu_order":2,"comment_status":"closed","ping_status":"closed","template":"","meta":{"footnotes":""},"class_list":["post-52","page","type-page","status-publish","hentry"],"_links":{"self":[{"href":"https:\/\/operalapira.it\/index.php?rest_route=\/wp\/v2\/pages\/52","targetHints":{"allow":["GET"]}}],"collection":[{"href":"https:\/\/operalapira.it\/index.php?rest_route=\/wp\/v2\/pages"}],"about":[{"href":"https:\/\/operalapira.it\/index.php?rest_route=\/wp\/v2\/types\/page"}],"author":[{"embeddable":true,"href":"https:\/\/operalapira.it\/index.php?rest_route=\/wp\/v2\/users\/2"}],"replies":[{"embeddable":true,"href":"https:\/\/operalapira.it\/index.php?rest_route=%2Fwp%2Fv2%2Fcomments&post=52"}],"version-history":[{"count":3,"href":"https:\/\/operalapira.it\/index.php?rest_route=\/wp\/v2\/pages\/52\/revisions"}],"predecessor-version":[{"id":6168,"href":"https:\/\/operalapira.it\/index.php?rest_route=\/wp\/v2\/pages\/52\/revisions\/6168"}],"wp:attachment":[{"href":"https:\/\/operalapira.it\/index.php?rest_route=%2Fwp%2Fv2%2Fmedia&parent=52"}],"curies":[{"name":"wp","href":"https:\/\/api.w.org\/{rel}","templated":true}]}}